{"id":6296,"date":"2010-08-23T19:14:11","date_gmt":"2010-08-24T02:14:11","guid":{"rendered":"https:\/\/www.bftpackaging.com\/products\/"},"modified":"2019-12-29T22:51:42","modified_gmt":"2019-12-29T19:51:42","slug":"urunler","status":"publish","type":"page","link":"https:\/\/www.bftpackaging.com\/tr\/urunler\/","title":{"rendered":"\u00dcr\u00fcnler"},"content":{"rendered":"[vc_row type=&#8221;full_width_background&#8221; full_screen_row_position=&#8221;middle&#8221; column_margin=&#8221;default&#8221; scene_position=&#8221;center&#8221; text_color=&#8221;dark&#8221; text_align=&#8221;left&#8221; top_padding=&#8221;6%&#8221; bottom_padding=&#8221;6%&#8221; overlay_strength=&#8221;0.3&#8243; shape_divider_position=&#8221;bottom&#8221; bg_image_animation=&#8221;fade-in&#8221; shape_type=&#8221;&#8221;][vc_column column_padding=&#8221;no-extra-padding&#8221; column_padding_position=&#8221;all&#8221; background_color_opacity=&#8221;1&#8243; background_hover_color_opacity=&#8221;1&#8243; column_link_target=&#8221;_self&#8221; column_shadow=&#8221;none&#8221; column_border_radius=&#8221;none&#8221; width=&#8221;1\/1&#8243; tablet_width_inherit=&#8221;default&#8221; tablet_text_alignment=&#8221;default&#8221; phone_text_alignment=&#8221;default&#8221; overlay_strength=&#8221;0.3&#8243; column_border_width=&#8221;none&#8221; column_border_style=&#8221;solid&#8221; bg_image_animation=&#8221;none&#8221;][nectar_category_grid post_type=&#8221;products&#8221; product_category=&#8221;baskili-kagit-canta,baskili-islak-mendil,baskili-kutular,paket-servis-urunleri,ambalaj-kagidi,kagit-pecete,amerikan-servis-kagidi,karton-bardak,kese-kagidi,plastik-poset,bardak-aksesuarlari,hediye-paketi&#8221; text_content_alignment=&#8221;bottom_left&#8221; subtext=&#8221;cat_item_count&#8221; columns=&#8221;3&#8243; grid_item_spacing=&#8221;10px&#8221; enable_masonry=&#8221;yes&#8221; image_loading=&#8221;lazy-load&#8221; color_overlay=&#8221;#000000&#8243; color_overlay_opacity=&#8221;0.2&#8243; color_overlay_hover_opacity=&#8221;0.4&#8243; text_color=&#8221;light&#8221; text_color_hover=&#8221;light&#8221; shadow_on_hover=&#8221;yes&#8221; subtext_visibility=&#8221;on_hover&#8221; orderby=&#8221;&#8221; order=&#8221;&#8221; text_style=&#8221;&#8221; color_strip_bg=&#8221;&#8221; color_strip_bg_hover=&#8221;&#8221; color_strip_text=&#8221;&#8221; color_strip_text_hover=&#8221;&#8221; block_sizing=&#8221;square&#8221;][\/vc_column][\/vc_row][vc_row type=&#8221;in_container&#8221; full_screen_row_position=&#8221;middle&#8221; column_margin=&#8221;default&#8221; scene_position=&#8221;center&#8221; text_color=&#8221;dark&#8221; text_align=&#8221;left&#8221; overlay_strength=&#8221;0.3&#8243; shape_divider_position=&#8221;bottom&#8221; bg_image_animation=&#8221;none&#8221;][vc_column column_padding=&#8221;no-extra-padding&#8221; column_padding_position=&#8221;all&#8221; background_color_opacity=&#8221;1&#8243; background_hover_color_opacity=&#8221;1&#8243; column_link_target=&#8221;_self&#8221; column_shadow=&#8221;none&#8221; column_border_radius=&#8221;none&#8221; width=&#8221;1\/1&#8243; tablet_width_inherit=&#8221;default&#8221; tablet_text_alignment=&#8221;default&#8221; phone_text_alignment=&#8221;default&#8221; overlay_strength=&#8221;0.3&#8243; column_border_width=&#8221;none&#8221; column_border_style=&#8221;solid&#8221; bg_image_animation=&#8221;none&#8221;][vc_column_text]<strong>Logolu ve Bask\u0131l\u0131 Ambalaj \u00dcr\u00fcnleri;<\/strong><br \/>\nBFT, a\u011f\u0131rl\u0131kl\u0131 olarak \u00f6zel bask\u0131l\u0131 ambalaj \u00fcr\u00fcnlerine odaklanan bir imalat \u015firketidir. Temel olarak restoranlar ve haz\u0131r giyim sekt\u00f6r\u00fc taleplerine cevap verir. \u00dcretim hatt\u0131 bask\u0131l\u0131 k\u00e2\u011f\u0131t torbalar, pe\u00e7eteler, ambalaj k\u00e2\u011f\u0131tlar\u0131, keseler, amerikan servisleri, her \u00e7e\u015fit kutu, ikram setleri, plastik torba, \u0131slak mendil ve daha bir\u00e7ok \u00fcr\u00fcnden olu\u015fmaktad\u0131r. M\u00fc\u015fterinin mevcut bir \u00fcr\u00fcn\u00fcn\u00fc \u00fcrettirmek veya yeni markal\u0131 bir ambalaj \u00fcr\u00fcn\u00fc \u00fcretmesini isterse, BFT her iki se\u00e7ene\u011fe de hizmet eder.<\/p>\n<p>BFT Ambalaj \u0131n ana m\u00fc\u015fterileri yurti\u00e7i ve yurtd\u0131\u015f\u0131 pazarlarda zincir ma\u011fazalar ve onlar\u0131n tedarik\u00e7ileridir. Her t\u00fcrl\u00fc talep i\u00e7in ilgili t\u00fcm sertifikalara (g\u0131da g\u00fcvenli\u011fi, fsc vb.) sahiptir.<br \/>\nBFT, markal\u0131 ambalaj \u00fcr\u00fcnleri \u00fcretmekte ve uluslararas\u0131 pazarlara g\u00f6nderime uygun \u015fekilde sevketmeye haz\u0131rlar. \u00dcr\u00fcnlerin i\u00e7ine kondu\u011fu koliler uluslararas\u0131 sevkiyata uygun \u015fekilde kal\u0131n ve dayan\u0131kl\u0131d\u0131r. Koliler palet \u00fczerinde dizildikten sonra k\u00f6\u015febentlerle sa\u011flamla\u015ft\u0131r\u0131l\u0131p, stre\u00e7 filmle sar\u0131l\u0131p yurtd\u0131\u015f\u0131na g\u00f6nderim i\u00e7in en uygun hale getirilir.[\/vc_column_text][\/vc_column][\/vc_row]\n","protected":false},"excerpt":{"rendered":"<p>[vc_row type=&#8221;full_width_background&#8221; full_screen_row_position=&#8221;middle&#8221; column_margin=&#8221;default&#8221; scene_position=&#8221;center&#8221; text_color=&#8221;dark&#8221; text_align=&#8221;left&#8221; top_padding=&#8221;6%&#8221; bottom_padding=&#8221;6%&#8221; overlay_strength=&#8221;0.3&#8243; shape_divider_position=&#8221;bottom&#8221; bg_image_animation=&#8221;fade-in&#8221; shape_type=&#8221;&#8221;][vc_column column_padding=&#8221;no-extra-padding&#8221; column_padding_position=&#8221;all&#8221; background_color_opacity=&#8221;1&#8243; background_hover_color_opacity=&#8221;1&#8243; column_link_target=&#8221;_self&#8221; column_shadow=&#8221;none&#8221; column_border_radius=&#8221;none&#8221; width=&#8221;1\/1&#8243; tablet_width_inherit=&#8221;default&#8221; tablet_text_alignment=&#8221;default&#8221; phone_text_alignment=&#8221;default&#8221; overlay_strength=&#8221;0.3&#8243;&#8230;<\/p>\n","protected":false},"author":1,"featured_media":0,"parent":0,"menu_order":0,"comment_status":"open","ping_status":"open","template":"","meta":{"footnotes":""},"class_list":["post-6296","page","type-page","status-publish"],"_links":{"self":[{"href":"https:\/\/www.bftpackaging.com\/tr\/wp-json\/wp\/v2\/pages\/6296","targetHints":{"allow":["GET"]}}],"collection":[{"href":"https:\/\/www.bftpackaging.com\/tr\/wp-json\/wp\/v2\/pages"}],"about":[{"href":"https:\/\/www.bftpackaging.com\/tr\/wp-json\/wp\/v2\/types\/page"}],"author":[{"embeddable":true,"href":"https:\/\/www.bftpackaging.com\/tr\/wp-json\/wp\/v2\/users\/1"}],"replies":[{"embeddable":true,"href":"https:\/\/www.bftpackaging.com\/tr\/wp-json\/wp\/v2\/comments?post=6296"}],"version-history":[{"count":0,"href":"https:\/\/www.bftpackaging.com\/tr\/wp-json\/wp\/v2\/pages\/6296\/revisions"}],"wp:attachment":[{"href":"https:\/\/www.bftpackaging.com\/tr\/wp-json\/wp\/v2\/media?parent=6296"}],"curies":[{"name":"wp","href":"https:\/\/api.w.org\/{rel}","templated":true}]}}